{"id":52,"date":"2023-11-10T16:16:31","date_gmt":"2023-11-10T16:16:31","guid":{"rendered":"http:\/\/localhost:8080\/?page_id=52"},"modified":"2024-01-12T09:43:31","modified_gmt":"2024-01-12T14:43:31","slug":"quienes-somos","status":"publish","type":"page","link":"https:\/\/donvitobananas.com\/?page_id=52","title":{"rendered":"Con\u00f3cenos"},"content":{"rendered":"\n<div class=\"wp-block-media-text is-stacked-on-mobile is-vertically-aligned-center\" style=\"padding-top:var(--wp--preset--spacing--50);padding-right:var(--wp--preset--spacing--50);padding-bottom:var(--wp--preset--spacing--50);padding-left:var(--wp--preset--spacing--50)\"><figure class=\"wp-block-media-text__media\"><img loading=\"lazy\" decoding=\"async\" width=\"1024\" height=\"682\" src=\"https:\/\/www.donvitobananas.com\/wp-content\/uploads\/consumo-agua-banano-1024x682.jpg\" alt=\"\" class=\"wp-image-754 size-full\" srcset=\"https:\/\/donvitobananas.com\/wp-content\/uploads\/consumo-agua-banano-1024x682.jpg 1024w, https:\/\/donvitobananas.com\/wp-content\/uploads\/consumo-agua-banano-300x200.jpg 300w, https:\/\/donvitobananas.com\/wp-content\/uploads\/consumo-agua-banano-768x512.jpg 768w, https:\/\/donvitobananas.com\/wp-content\/uploads\/consumo-agua-banano-1536x1024.jpg 1536w, https:\/\/donvitobananas.com\/wp-content\/uploads\/consumo-agua-banano.jpg 1556w\" sizes=\"auto, (max-width: 1024px) 100vw, 1024px\" \/><\/figure><div class=\"wp-block-media-text__content\">\n<h3 class=\"wp-block-heading\">Nuestra Empresa<\/h3>\n\n\n\n<p>En el coraz\u00f3n de la exuberante regi\u00f3n de Machala, conocida como la \u00abCapital Mundial del Banano\u00bb, florece Don Vito Banana, una empresa comprometida con la excelencia en la producci\u00f3n de banano de la m\u00e1s alta calidad. Desde nuestros humildes comienzos, hemos cultivado no solo bananos, sino tambi\u00e9n una s\u00f3lida reputaci\u00f3n basada en principios fundamentales de sostenibilidad, calidad y responsabilidad social.<\/p>\n<\/div><\/div>\n\n\n\n<div class=\"wp-block-media-text has-media-on-the-right is-stacked-on-mobile\" style=\"padding-top:var(--wp--preset--spacing--50);padding-right:var(--wp--preset--spacing--50);padding-bottom:var(--wp--preset--spacing--50);padding-left:var(--wp--preset--spacing--50)\"><div class=\"wp-block-media-text__content\">\n<h2 class=\"wp-block-heading\">Nuestra Tierra<\/h2>\n\n\n\n<p>Desde 1950 cada racimo que cosechamos es una expresi\u00f3n de la riqueza de nuestra tierra. En Don Vito Banana, la calidad est\u00e1 arraigada en cada paso del proceso, desde la siembra hasta la cosecha. Nuestros bananos reflejan el car\u00e1cter distintivo de Machala y llevan consigo el orgullo de nuestra tierra.<\/p>\n<\/div><figure class=\"wp-block-media-text__media\"><img loading=\"lazy\" decoding=\"async\" width=\"1024\" height=\"683\" src=\"https:\/\/www.donvitobananas.com\/wp-content\/uploads\/2023\/11\/imagen_2023-11-14_211817110-1024x683.png\" alt=\"\" class=\"wp-image-512 size-full\" srcset=\"https:\/\/donvitobananas.com\/wp-content\/uploads\/2023\/11\/imagen_2023-11-14_211817110-1024x683.png 1024w, https:\/\/donvitobananas.com\/wp-content\/uploads\/2023\/11\/imagen_2023-11-14_211817110-300x200.png 300w, https:\/\/donvitobananas.com\/wp-content\/uploads\/2023\/11\/imagen_2023-11-14_211817110-768x512.png 768w, https:\/\/donvitobananas.com\/wp-content\/uploads\/2023\/11\/imagen_2023-11-14_211817110-1536x1024.png 1536w, https:\/\/donvitobananas.com\/wp-content\/uploads\/2023\/11\/imagen_2023-11-14_211817110.png 1888w\" sizes=\"auto, (max-width: 1024px) 100vw, 1024px\" \/><\/figure><\/div>\n\n\n\n<h3 class=\"wp-block-heading has-text-align-center\">Fundador y CEO<\/h3>\n\n\n\n<figure class=\"wp-block-image aligncenter size-full is-resized is-style-rounded\"><img loading=\"lazy\" decoding=\"async\" width=\"446\" height=\"446\" src=\"https:\/\/www.donvitobananas.com\/wp-content\/uploads\/2023\/11\/imagen_2023-11-14_200453866-e1700010391666-edited.png\" alt=\"\" class=\"wp-image-514\" style=\"width:184px;height:auto\" srcset=\"https:\/\/donvitobananas.com\/wp-content\/uploads\/2023\/11\/imagen_2023-11-14_200453866-e1700010391666-edited.png 446w, https:\/\/donvitobananas.com\/wp-content\/uploads\/2023\/11\/imagen_2023-11-14_200453866-e1700010391666-edited-300x300.png 300w, https:\/\/donvitobananas.com\/wp-content\/uploads\/2023\/11\/imagen_2023-11-14_200453866-e1700010391666-edited-150x150.png 150w\" sizes=\"auto, (max-width: 446px) 100vw, 446px\" \/><\/figure>\n\n\n\n<p class=\"has-text-align-center\">Vito Mu\u00f1oz<\/p>\n\n\n\n<p class=\"has-text-align-center\">Lorem ipsum dolor sit amet, consectetur adipiscing elit, sed do eiusmod tempor incididunt ut labore et dolore magna aliqua. Ut enim ad minim veniam, quis nostrud exercitation ullamco laboris nisi ut aliquip ex ea commodo consequat. Duis aute irure dolor in reprehenderit in voluptate velit esse cillum dolore eu fugiat nulla pariatur. Excepteur sint occaecat cupidatat non proident, sunt in culpa qui officia deserunt mollit anim id est laborum<\/p>\n\n\n\n<h2 class=\"wp-block-heading has-text-align-center\">Certificaciones<\/h2>\n\n\n\n<div class=\"wp-block-columns is-layout-flex wp-container-core-columns-is-layout-28f84493 wp-block-columns-is-layout-flex\">\n<div class=\"wp-block-column is-layout-flow wp-block-column-is-layout-flow\">\n<figure class=\"wp-block-image aligncenter size-full is-resized\"><img loading=\"lazy\" decoding=\"async\" width=\"700\" height=\"344\" src=\"https:\/\/www.donvitobananas.com\/wp-content\/uploads\/2023\/11\/global-g-a-p-HOME.png\" alt=\"\" class=\"wp-image-18\" style=\"width:260px;height:auto\" srcset=\"https:\/\/donvitobananas.com\/wp-content\/uploads\/2023\/11\/global-g-a-p-HOME.png 700w, https:\/\/donvitobananas.com\/wp-content\/uploads\/2023\/11\/global-g-a-p-HOME-300x147.png 300w\" sizes=\"auto, (max-width: 700px) 100vw, 700px\" \/><\/figure>\n<\/div>\n\n\n\n<div class=\"wp-block-column is-layout-flow wp-block-column-is-layout-flow\" style=\"padding-top:0;padding-right:0;padding-bottom:0;padding-left:0\">\n<figure class=\"wp-block-image aligncenter size-full is-resized\"><img loading=\"lazy\" decoding=\"async\" width=\"1000\" height=\"1000\" src=\"https:\/\/www.donvitobananas.com\/wp-content\/uploads\/2023\/11\/Rainforest-Alliance-Seal-Core-Green-White-RGB.png\" alt=\"\" class=\"wp-image-23\" style=\"width:171px;height:auto\" srcset=\"https:\/\/donvitobananas.com\/wp-content\/uploads\/2023\/11\/Rainforest-Alliance-Seal-Core-Green-White-RGB.png 1000w, https:\/\/donvitobananas.com\/wp-content\/uploads\/2023\/11\/Rainforest-Alliance-Seal-Core-Green-White-RGB-300x300.png 300w, https:\/\/donvitobananas.com\/wp-content\/uploads\/2023\/11\/Rainforest-Alliance-Seal-Core-Green-White-RGB-150x150.png 150w, https:\/\/donvitobananas.com\/wp-content\/uploads\/2023\/11\/Rainforest-Alliance-Seal-Core-Green-White-RGB-768x768.png 768w\" sizes=\"auto, (max-width: 1000px) 100vw, 1000px\" \/><\/figure>\n<\/div>\n<\/div>\n","protected":false},"excerpt":{"rendered":"<p>Nuestra Empresa En el coraz\u00f3n de la exuberante regi\u00f3n de Machala, conocida como la \u00abCapital Mundial del Banano\u00bb, florece Don Vito Banana, una empresa comprometida con la excelencia en la producci\u00f3n de banano de la m\u00e1s alta calidad. Desde nuestros humildes comienzos, hemos cultivado no solo bananos, sino tambi\u00e9n una s\u00f3lida reputaci\u00f3n basada en principios [&hellip;]<\/p>\n","protected":false},"author":2,"featured_media":0,"parent":0,"menu_order":0,"comment_status":"closed","ping_status":"closed","template":"","meta":{"_uag_custom_page_level_css":"","site-sidebar-layout":"default","site-content-layout":"","ast-site-content-layout":"normal-width-container","site-content-style":"default","site-sidebar-style":"default","ast-global-header-display":"","ast-banner-title-visibility":"","ast-main-header-display":"","ast-hfb-above-header-display":"","ast-hfb-below-header-display":"","ast-hfb-mobile-header-display":"","site-post-title":"disabled","ast-breadcrumbs-content":"","ast-featured-img":"","footer-sml-layout":"","theme-transparent-header-meta":"default","adv-header-id-meta":"","stick-header-meta":"","header-above-stick-meta":"","header-main-stick-meta":"","header-below-stick-meta":"","astra-migrate-meta-layouts":"","ast-page-background-enabled":"default","ast-page-background-meta":{"desktop":{"background-color":"var(--ast-global-color-4)","background-image":"","background-repeat":"repeat","background-position":"center center","background-size":"auto","background-attachment":"scroll","background-type":"","background-media":"","overlay-type":"","overlay-color":"","overlay-gradient":""},"tablet":{"background-color":"","background-image":"","background-repeat":"repeat","background-position":"center center","background-size":"auto","background-attachment":"scroll","background-type":"","background-media":"","overlay-type":"","overlay-color":"","overlay-gradient":""},"mobile":{"background-color":"","background-image":"","background-repeat":"repeat","background-position":"center center","background-size":"auto","background-attachment":"scroll","background-type":"","background-media":"","overlay-type":"","overlay-color":"","overlay-gradient":""}},"ast-content-background-meta":{"desktop":{"background-color":"var(--ast-global-color-5)","background-image":"","background-repeat":"repeat","background-position":"center center","background-size":"auto","background-attachment":"scroll","background-type":"","background-media":"","overlay-type":"","overlay-color":"","overlay-gradient":""},"tablet":{"background-color":"var(--ast-global-color-5)","background-image":"","background-repeat":"repeat","background-position":"center center","background-size":"auto","background-attachment":"scroll","background-type":"","background-media":"","overlay-type":"","overlay-color":"","overlay-gradient":""},"mobile":{"background-color":"var(--ast-global-color-5)","background-image":"","background-repeat":"repeat","background-position":"center center","background-size":"auto","background-attachment":"scroll","background-type":"","background-media":"","overlay-type":"","overlay-color":"","overlay-gradient":""}},"footnotes":""},"class_list":["post-52","page","type-page","status-publish","hentry"],"uagb_featured_image_src":{"full":false,"thumbnail":false,"medium":false,"medium_large":false,"large":false,"1536x1536":false,"2048x2048":false},"uagb_author_info":{"display_name":"prodbadmindonvitobanana","author_link":"https:\/\/donvitobananas.com\/?author=2"},"uagb_comment_info":0,"uagb_excerpt":"Nuestra Empresa En el coraz\u00f3n de la exuberante regi\u00f3n de Machala, conocida como la \u00abCapital Mundial del Banano\u00bb, florece Don Vito Banana, una empresa comprometida con la excelencia en la producci\u00f3n de banano de la m\u00e1s alta calidad. Desde nuestros humildes comienzos, hemos cultivado no solo bananos, sino tambi\u00e9n una s\u00f3lida reputaci\u00f3n basada en principios&hellip;","_links":{"self":[{"href":"https:\/\/donvitobananas.com\/index.php?rest_route=\/wp\/v2\/pages\/52","targetHints":{"allow":["GET"]}}],"collection":[{"href":"https:\/\/donvitobananas.com\/index.php?rest_route=\/wp\/v2\/pages"}],"about":[{"href":"https:\/\/donvitobananas.com\/index.php?rest_route=\/wp\/v2\/types\/page"}],"author":[{"embeddable":true,"href":"https:\/\/donvitobananas.com\/index.php?rest_route=\/wp\/v2\/users\/2"}],"replies":[{"embeddable":true,"href":"https:\/\/donvitobananas.com\/index.php?rest_route=%2Fwp%2Fv2%2Fcomments&post=52"}],"version-history":[{"count":7,"href":"https:\/\/donvitobananas.com\/index.php?rest_route=\/wp\/v2\/pages\/52\/revisions"}],"predecessor-version":[{"id":761,"href":"https:\/\/donvitobananas.com\/index.php?rest_route=\/wp\/v2\/pages\/52\/revisions\/761"}],"wp:attachment":[{"href":"https:\/\/donvitobananas.com\/index.php?rest_route=%2Fwp%2Fv2%2Fmedia&parent=52"}],"curies":[{"name":"wp","href":"https:\/\/api.w.org\/{rel}","templated":true}]}}