{"id":312,"date":"2023-11-13T18:59:46","date_gmt":"2023-11-13T18:59:46","guid":{"rendered":"http:\/\/localhost:8080\/?page_id=312"},"modified":"2024-01-12T09:45:23","modified_gmt":"2024-01-12T14:45:23","slug":"noticias-2","status":"publish","type":"page","link":"https:\/\/donvitobananas.com\/?page_id=312","title":{"rendered":"Noticias"},"content":{"rendered":"\n<div style=\"height:49px\" aria-hidden=\"true\" class=\"wp-block-spacer\"><\/div>\n\n\n\n<div class=\"wp-block-uagb-advanced-heading uagb-block-81d8de0b\"><h2 class=\"uagb-heading-text\">Las \u00faltimas noticias del mundo del banano<\/h2><\/div>\n\n\n\n<div style=\"height:42px\" aria-hidden=\"true\" class=\"wp-block-spacer\"><\/div>\n\n\n<form role=\"search\" method=\"get\" action=\"https:\/\/donvitobananas.com\/\" class=\"wp-block-search__button-outside wp-block-search__text-button aligncenter wp-block-search\"    ><label class=\"wp-block-search__label screen-reader-text\" for=\"wp-block-search__input-1\" >Buscar noticia<\/label><div class=\"wp-block-search__inside-wrapper\"  style=\"width: 100%\"><input class=\"wp-block-search__input\" id=\"wp-block-search__input-1\" placeholder=\"Buscar noticia...\" value=\"\" type=\"search\" name=\"s\" required  style=\"border-radius: 30px\"\/><button aria-label=\"Buscar\" class=\"wp-block-search__button wp-element-button\" type=\"submit\"  style=\"border-radius: 30px\">Buscar<\/button><\/div><\/form>\n\n\n<div style=\"height:49px\" aria-hidden=\"true\" class=\"wp-block-spacer\"><\/div>\n\n\n\n\t\t\t<div class=\"wp-block-uagb-post-grid uagb-post-grid  uagb-post__image-position-top uagb-post__image-enabled uagb-block-6b5ace4f     uagb-post__items uagb-post__columns-3 is-grid uagb-post__columns-tablet-2 uagb-post__columns-mobile-1 uagb-post__equal-height uagb-equal_height_inline-read-more-buttons\" data-total=\"1\" style=\"\">\n\n\t\t\t\t\t\t\t\t\t\t\t\t<article class=\"uagb-post__inner-wrap\">\t\t\t\t\t\t\t\t<div class='uagb-post__image'>\n\t\t\t\t\t\t\t\t\t<a href=\"https:\/\/donvitobananas.com\/?p=693\" target=\"_self\" rel=\"bookmark noopener noreferrer\" class='uagb-image-ratio-2-3'><img loading=\"lazy\" decoding=\"async\" width=\"1556\" height=\"1037\" src=\"https:\/\/donvitobananas.com\/wp-content\/uploads\/consumo-agua-banano.jpg\" class=\"attachment-full size-full\" alt=\"\" srcset=\"https:\/\/donvitobananas.com\/wp-content\/uploads\/consumo-agua-banano.jpg 1556w, https:\/\/donvitobananas.com\/wp-content\/uploads\/consumo-agua-banano-300x200.jpg 300w, https:\/\/donvitobananas.com\/wp-content\/uploads\/consumo-agua-banano-1024x682.jpg 1024w, https:\/\/donvitobananas.com\/wp-content\/uploads\/consumo-agua-banano-768x512.jpg 768w, https:\/\/donvitobananas.com\/wp-content\/uploads\/consumo-agua-banano-1536x1024.jpg 1536w\" sizes=\"auto, (max-width: 1556px) 100vw, 1556px\" \/>\t\t\t\t\t<\/a>\n\t\t\t\t\t\t\t<\/div>\n\t\t\t\t\t\t<h4 class=\"uagb-post__title uagb-post__text\">\n\t\t\t\t<a href=\"https:\/\/donvitobananas.com\/?p=693\" target=\"_self\" rel=\"bookmark noopener noreferrer\">Nueva tecnolog\u00eda en banano premium<\/a>\n\t\t\t<\/h4>\n\t\t\t\t\t\t<div class='uagb-post__text uagb-post-grid-byline'>\n\t\t\t\t\t\t\t\t<time datetime=\"2023-12-22T15:49:26-05:00\" class=\"uagb-post__date\">\n\t\t\t\t<span class=\"dashicons-calendar dashicons\"><\/span>\t\t\t\t\t22 de diciembre de 2023\t\t\t\t<\/time>\n\t\t\t\t\t\t\t<span class=\"uagb-post__comment\">\n\t\t\t\t<span class=\"dashicons-admin-comments dashicons\"><\/span>\t\t\t\t\tNo hay comentarios\t\t\t\t<\/span>\n\t\t\t\t\t\t<\/div>\n\t\t\t\t\t\t\t<div class='uagb-post__text uagb-post__excerpt'>\n\t\t\t\t\t<p>Ecuador es el l\u00edder mundial en exportaci\u00f3n de banano, con una producci\u00f3n anual de m\u00e1s&#8230;\t\t\t\t<\/div>\n\t\t\t\t\t\t<div class=\"uagb-post__text uagb-post__cta wp-block-button\">\n\t\t\t\t<a class=\"wp-block-button__link uagb-text-link\" href=\"https:\/\/donvitobananas.com\/?p=693\" target=\"_self\" rel=\"bookmark noopener noreferrer\">Leer m\u00e1s<\/a>\n\t\t\t<\/div>\n\t\t\t\t\t\t\t\t\t\t\t\t<\/article>\n\t\t\t\t\t\t\t\t\t\t\t\t\t\t\t\t<article class=\"uagb-post__inner-wrap\">\t\t\t\t\t\t\t\t<div class='uagb-post__image'>\n\t\t\t\t\t\t\t\t\t<a href=\"https:\/\/donvitobananas.com\/?p=494\" target=\"_self\" rel=\"bookmark noopener noreferrer\" class='uagb-image-ratio-2-3'><img loading=\"lazy\" decoding=\"async\" width=\"1197\" height=\"670\" src=\"https:\/\/donvitobananas.com\/wp-content\/uploads\/2023\/11\/imagen_2023-11-14_214535453-e1700016754237.png\" class=\"attachment-full size-full\" alt=\"\" srcset=\"https:\/\/donvitobananas.com\/wp-content\/uploads\/2023\/11\/imagen_2023-11-14_214535453-e1700016754237.png 1197w, https:\/\/donvitobananas.com\/wp-content\/uploads\/2023\/11\/imagen_2023-11-14_214535453-e1700016754237-300x168.png 300w, https:\/\/donvitobananas.com\/wp-content\/uploads\/2023\/11\/imagen_2023-11-14_214535453-e1700016754237-1024x573.png 1024w, https:\/\/donvitobananas.com\/wp-content\/uploads\/2023\/11\/imagen_2023-11-14_214535453-e1700016754237-768x430.png 768w\" sizes=\"auto, (max-width: 1197px) 100vw, 1197px\" \/>\t\t\t\t\t<\/a>\n\t\t\t\t\t\t\t<\/div>\n\t\t\t\t\t\t<h4 class=\"uagb-post__title uagb-post__text\">\n\t\t\t\t<a href=\"https:\/\/donvitobananas.com\/?p=494\" target=\"_self\" rel=\"bookmark noopener noreferrer\">Banano de Machala: Un Tesoro Nutritivo para tu Salud<\/a>\n\t\t\t<\/h4>\n\t\t\t\t\t\t<div class='uagb-post__text uagb-post-grid-byline'>\n\t\t\t\t\t\t\t\t<time datetime=\"2023-11-14T20:51:56-05:00\" class=\"uagb-post__date\">\n\t\t\t\t<span class=\"dashicons-calendar dashicons\"><\/span>\t\t\t\t\t14 de noviembre de 2023\t\t\t\t<\/time>\n\t\t\t\t\t\t\t<span class=\"uagb-post__comment\">\n\t\t\t\t<span class=\"dashicons-admin-comments dashicons\"><\/span>\t\t\t\t\tNo hay comentarios\t\t\t\t<\/span>\n\t\t\t\t\t\t<\/div>\n\t\t\t\t\t\t\t<div class='uagb-post__text uagb-post__excerpt'>\n\t\t\t\t\t<p>En Don Vito Banana, no solo cultivamos bananos excepcionales, sino que tambi\u00e9n nos apasiona compartir&#8230;\t\t\t\t<\/div>\n\t\t\t\t\t\t<div class=\"uagb-post__text uagb-post__cta wp-block-button\">\n\t\t\t\t<a class=\"wp-block-button__link uagb-text-link\" href=\"https:\/\/donvitobananas.com\/?p=494\" target=\"_self\" rel=\"bookmark noopener noreferrer\">Leer m\u00e1s<\/a>\n\t\t\t<\/div>\n\t\t\t\t\t\t\t\t\t\t\t\t<\/article>\n\t\t\t\t\t\t\t\t\t\t\t\t\t\t\t\t<article class=\"uagb-post__inner-wrap\">\t\t\t\t\t\t\t\t<div class='uagb-post__image'>\n\t\t\t\t\t\t\t\t\t<a href=\"https:\/\/donvitobananas.com\/?p=229\" target=\"_self\" rel=\"bookmark noopener noreferrer\" class='uagb-image-ratio-2-3'><img loading=\"lazy\" decoding=\"async\" width=\"488\" height=\"291\" src=\"https:\/\/donvitobananas.com\/wp-content\/uploads\/2023\/11\/BananaBreadII_527x323-e1700016514724.jpg\" class=\"attachment-full size-full\" alt=\"\" srcset=\"https:\/\/donvitobananas.com\/wp-content\/uploads\/2023\/11\/BananaBreadII_527x323-e1700016514724.jpg 488w, https:\/\/donvitobananas.com\/wp-content\/uploads\/2023\/11\/BananaBreadII_527x323-e1700016514724-300x179.jpg 300w\" sizes=\"auto, (max-width: 488px) 100vw, 488px\" \/>\t\t\t\t\t<\/a>\n\t\t\t\t\t\t\t<\/div>\n\t\t\t\t\t\t<h4 class=\"uagb-post__title uagb-post__text\">\n\t\t\t\t<a href=\"https:\/\/donvitobananas.com\/?p=229\" target=\"_self\" rel=\"bookmark noopener noreferrer\">Olv\u00eddate de la masa madre y hornea pan de banano<\/a>\n\t\t\t<\/h4>\n\t\t\t\t\t\t<div class='uagb-post__text uagb-post-grid-byline'>\n\t\t\t\t\t\t\t\t<time datetime=\"2023-11-13T15:14:38-05:00\" class=\"uagb-post__date\">\n\t\t\t\t<span class=\"dashicons-calendar dashicons\"><\/span>\t\t\t\t\t13 de noviembre de 2023\t\t\t\t<\/time>\n\t\t\t\t\t\t\t<span class=\"uagb-post__comment\">\n\t\t\t\t<span class=\"dashicons-admin-comments dashicons\"><\/span>\t\t\t\t\t2 comentarios\t\t\t\t<\/span>\n\t\t\t\t\t\t<\/div>\n\t\t\t\t\t\t\t<div class='uagb-post__text uagb-post__excerpt'>\n\t\t\t\t\t<p>Aqu\u00ed tienes una receta simple para hornear un delicioso pan de pl\u00e1tano sin necesidad de&#8230;\t\t\t\t<\/div>\n\t\t\t\t\t\t<div class=\"uagb-post__text uagb-post__cta wp-block-button\">\n\t\t\t\t<a class=\"wp-block-button__link uagb-text-link\" href=\"https:\/\/donvitobananas.com\/?p=229\" target=\"_self\" rel=\"bookmark noopener noreferrer\">Leer m\u00e1s<\/a>\n\t\t\t<\/div>\n\t\t\t\t\t\t\t\t\t\t\t\t<\/article>\n\t\t\t\t\t\t\t\t\t\t\t\t\t\t\t\t<article class=\"uagb-post__inner-wrap\">\t\t\t\t\t\t\t\t<div class='uagb-post__image'>\n\t\t\t\t\t\t\t\t\t<a href=\"https:\/\/donvitobananas.com\/?p=93\" target=\"_self\" rel=\"bookmark noopener noreferrer\" class='uagb-image-ratio-2-3'><img loading=\"lazy\" decoding=\"async\" width=\"467\" height=\"254\" src=\"https:\/\/donvitobananas.com\/wp-content\/uploads\/2023\/11\/imagen_2023-11-14_214952072-e1700016641221.png\" class=\"attachment-full size-full\" alt=\"\" srcset=\"https:\/\/donvitobananas.com\/wp-content\/uploads\/2023\/11\/imagen_2023-11-14_214952072-e1700016641221.png 467w, https:\/\/donvitobananas.com\/wp-content\/uploads\/2023\/11\/imagen_2023-11-14_214952072-e1700016641221-300x163.png 300w\" sizes=\"auto, (max-width: 467px) 100vw, 467px\" \/>\t\t\t\t\t<\/a>\n\t\t\t\t\t\t\t<\/div>\n\t\t\t\t\t\t<h4 class=\"uagb-post__title uagb-post__text\">\n\t\t\t\t<a href=\"https:\/\/donvitobananas.com\/?p=93\" target=\"_self\" rel=\"bookmark noopener noreferrer\">Estudian el impacto del agua desalada en el cultivo del pl\u00e1tano canario<\/a>\n\t\t\t<\/h4>\n\t\t\t\t\t\t<div class='uagb-post__text uagb-post-grid-byline'>\n\t\t\t\t\t\t\t\t<time datetime=\"2023-11-10T17:25:55-05:00\" class=\"uagb-post__date\">\n\t\t\t\t<span class=\"dashicons-calendar dashicons\"><\/span>\t\t\t\t\t10 de noviembre de 2023\t\t\t\t<\/time>\n\t\t\t\t\t\t\t<span class=\"uagb-post__comment\">\n\t\t\t\t<span class=\"dashicons-admin-comments dashicons\"><\/span>\t\t\t\t\tNo hay comentarios\t\t\t\t<\/span>\n\t\t\t\t\t\t<\/div>\n\t\t\t\t\t\t\t<div class='uagb-post__text uagb-post__excerpt'>\n\t\t\t\t\t<p>Introducci\u00f3n: La agricultura en las Islas Canarias ha enfrentado desaf\u00edos \u00fanicos debido a la escasez&#8230;\t\t\t\t<\/div>\n\t\t\t\t\t\t<div class=\"uagb-post__text uagb-post__cta wp-block-button\">\n\t\t\t\t<a class=\"wp-block-button__link uagb-text-link\" href=\"https:\/\/donvitobananas.com\/?p=93\" target=\"_self\" rel=\"bookmark noopener noreferrer\">Leer m\u00e1s<\/a>\n\t\t\t<\/div>\n\t\t\t\t\t\t\t\t\t\t\t\t<\/article>\n\t\t\t\t\t\t\t\t\t\t\t\t\t\t\t\t<article class=\"uagb-post__inner-wrap\">\t\t\t\t\t\t\t\t<div class='uagb-post__image'>\n\t\t\t\t\t\t\t\t\t<a href=\"https:\/\/donvitobananas.com\/?p=220\" target=\"_self\" rel=\"bookmark noopener noreferrer\" class='uagb-image-ratio-2-3'><img loading=\"lazy\" decoding=\"async\" width=\"500\" height=\"286\" src=\"https:\/\/donvitobananas.com\/wp-content\/uploads\/2023\/11\/imagen_2023-11-14_215049437-e1700016708549.png\" class=\"attachment-full size-full\" alt=\"\" srcset=\"https:\/\/donvitobananas.com\/wp-content\/uploads\/2023\/11\/imagen_2023-11-14_215049437-e1700016708549.png 500w, https:\/\/donvitobananas.com\/wp-content\/uploads\/2023\/11\/imagen_2023-11-14_215049437-e1700016708549-300x172.png 300w\" sizes=\"auto, (max-width: 500px) 100vw, 500px\" \/>\t\t\t\t\t<\/a>\n\t\t\t\t\t\t\t<\/div>\n\t\t\t\t\t\t<h4 class=\"uagb-post__title uagb-post__text\">\n\t\t\t\t<a href=\"https:\/\/donvitobananas.com\/?p=220\" target=\"_self\" rel=\"bookmark noopener noreferrer\">Fresh Plaza: El mercado global del Banano<\/a>\n\t\t\t<\/h4>\n\t\t\t\t\t\t<div class='uagb-post__text uagb-post-grid-byline'>\n\t\t\t\t\t\t\t\t<time datetime=\"2023-11-10T14:02:38-05:00\" class=\"uagb-post__date\">\n\t\t\t\t<span class=\"dashicons-calendar dashicons\"><\/span>\t\t\t\t\t10 de noviembre de 2023\t\t\t\t<\/time>\n\t\t\t\t\t\t\t<span class=\"uagb-post__comment\">\n\t\t\t\t<span class=\"dashicons-admin-comments dashicons\"><\/span>\t\t\t\t\t1 comentario\t\t\t\t<\/span>\n\t\t\t\t\t\t<\/div>\n\t\t\t\t\t\t\t<div class='uagb-post__text uagb-post__excerpt'>\n\t\t\t\t\t<p>Introducci\u00f3n: Fresh Plaza, una fuente confiable en el mundo de la agricultura y productos frescos,&#8230;\t\t\t\t<\/div>\n\t\t\t\t\t\t<div class=\"uagb-post__text uagb-post__cta wp-block-button\">\n\t\t\t\t<a class=\"wp-block-button__link uagb-text-link\" href=\"https:\/\/donvitobananas.com\/?p=220\" target=\"_self\" rel=\"bookmark noopener noreferrer\">Leer m\u00e1s<\/a>\n\t\t\t<\/div>\n\t\t\t\t\t\t\t\t\t\t\t\t<\/article>\n\t\t\t\t\t\t\t\t\t\t\t\t\t<div class=\"uagb-post-pagination-wrap\">\n\t\t\t\t\t\t\t\t\t\t\t<\/div>\n\t\t\t\t\t\t\t\t<\/div>\n\t\t\t","protected":false},"excerpt":{"rendered":"<p>Las \u00faltimas noticias del mundo del banano<\/p>\n","protected":false},"author":2,"featured_media":0,"parent":0,"menu_order":0,"comment_status":"closed","ping_status":"closed","template":"","meta":{"_uag_custom_page_level_css":"","site-sidebar-layout":"default","site-content-layout":"","ast-site-content-layout":"","site-content-style":"default","site-sidebar-style":"default","ast-global-header-display":"","ast-banner-title-visibility":"","ast-main-header-display":"","ast-hfb-above-header-display":"","ast-hfb-below-header-display":"","ast-hfb-mobile-header-display":"","site-post-title":"disabled","ast-breadcrumbs-content":"","ast-featured-img":"","footer-sml-layout":"","theme-transparent-header-meta":"","adv-header-id-meta":"","stick-header-meta":"","header-above-stick-meta":"","header-main-stick-meta":"","header-below-stick-meta":"","astra-migrate-meta-layouts":"","ast-page-background-enabled":"default","ast-page-background-meta":{"desktop":{"background-color":"var(--ast-global-color-4)","background-image":"","background-repeat":"repeat","background-position":"center center","background-size":"auto","background-attachment":"scroll","background-type":"","background-media":"","overlay-type":"","overlay-color":"","overlay-gradient":""},"tablet":{"background-color":"","background-image":"","background-repeat":"repeat","background-position":"center center","background-size":"auto","background-attachment":"scroll","background-type":"","background-media":"","overlay-type":"","overlay-color":"","overlay-gradient":""},"mobile":{"background-color":"","background-image":"","background-repeat":"repeat","background-position":"center center","background-size":"auto","background-attachment":"scroll","background-type":"","background-media":"","overlay-type":"","overlay-color":"","overlay-gradient":""}},"ast-content-background-meta":{"desktop":{"background-color":"var(--ast-global-color-5)","background-image":"","background-repeat":"repeat","background-position":"center center","background-size":"auto","background-attachment":"scroll","background-type":"","background-media":"","overlay-type":"","overlay-color":"","overlay-gradient":""},"tablet":{"background-color":"var(--ast-global-color-5)","background-image":"","background-repeat":"repeat","background-position":"center center","background-size":"auto","background-attachment":"scroll","background-type":"","background-media":"","overlay-type":"","overlay-color":"","overlay-gradient":""},"mobile":{"background-color":"var(--ast-global-color-5)","background-image":"","background-repeat":"repeat","background-position":"center center","background-size":"auto","background-attachment":"scroll","background-type":"","background-media":"","overlay-type":"","overlay-color":"","overlay-gradient":""}},"footnotes":""},"class_list":["post-312","page","type-page","status-publish","hentry"],"uagb_featured_image_src":{"full":false,"thumbnail":false,"medium":false,"medium_large":false,"large":false,"1536x1536":false,"2048x2048":false},"uagb_author_info":{"display_name":"prodbadmindonvitobanana","author_link":"https:\/\/donvitobananas.com\/?author=2"},"uagb_comment_info":0,"uagb_excerpt":"Las \u00faltimas noticias del mundo del banano","_links":{"self":[{"href":"https:\/\/donvitobananas.com\/index.php?rest_route=\/wp\/v2\/pages\/312","targetHints":{"allow":["GET"]}}],"collection":[{"href":"https:\/\/donvitobananas.com\/index.php?rest_route=\/wp\/v2\/pages"}],"about":[{"href":"https:\/\/donvitobananas.com\/index.php?rest_route=\/wp\/v2\/types\/page"}],"author":[{"embeddable":true,"href":"https:\/\/donvitobananas.com\/index.php?rest_route=\/wp\/v2\/users\/2"}],"replies":[{"embeddable":true,"href":"https:\/\/donvitobananas.com\/index.php?rest_route=%2Fwp%2Fv2%2Fcomments&post=312"}],"version-history":[{"count":19,"href":"https:\/\/donvitobananas.com\/index.php?rest_route=\/wp\/v2\/pages\/312\/revisions"}],"predecessor-version":[{"id":677,"href":"https:\/\/donvitobananas.com\/index.php?rest_route=\/wp\/v2\/pages\/312\/revisions\/677"}],"wp:attachment":[{"href":"https:\/\/donvitobananas.com\/index.php?rest_route=%2Fwp%2Fv2%2Fmedia&parent=312"}],"curies":[{"name":"wp","href":"https:\/\/api.w.org\/{rel}","templated":true}]}}