{"id":156,"date":"2023-11-12T19:43:33","date_gmt":"2023-11-13T00:43:33","guid":{"rendered":"http:\/\/localhost:8080\/?page_id=7"},"modified":"2024-01-12T09:46:07","modified_gmt":"2024-01-12T14:46:07","slug":"home-2","status":"publish","type":"page","link":"https:\/\/donvitobananas.com\/","title":{"rendered":"Pagina principal"},"content":{"rendered":"\n<div class=\"wp-block-cover alignfull\" style=\"min-height:720px;aspect-ratio:unset;\"><span aria-hidden=\"true\" class=\"wp-block-cover__background has-ast-global-color-2-background-color has-background-dim\"><\/span><img loading=\"lazy\" decoding=\"async\" width=\"692\" height=\"360\" class=\"wp-block-cover__image-background wp-image-26\" alt=\"\" src=\"https:\/\/www.donvitobananas.com\/wp-content\/uploads\/2023\/11\/9762632801-692x360-1.jpg\" data-object-fit=\"cover\" srcset=\"https:\/\/donvitobananas.com\/wp-content\/uploads\/2023\/11\/9762632801-692x360-1.jpg 692w, https:\/\/donvitobananas.com\/wp-content\/uploads\/2023\/11\/9762632801-692x360-1-300x156.jpg 300w\" sizes=\"auto, (max-width: 692px) 100vw, 692px\" \/><div class=\"wp-block-cover__inner-container is-layout-flow wp-block-cover-is-layout-flow\">\n<p class=\"has-text-align-center has-medium-font-size\"><strong>BANANEVITO<\/strong><\/p>\n\n\n\n<div class=\"inherit-container-width wp-block-group alignwide is-layout-constrained wp-block-group-is-layout-constrained\">\n<h1 class=\"wp-block-heading has-text-align-center\"><strong>Tenemos El Mejor Banano Del Mundo<\/strong> <\/h1>\n\n\n\n<div class=\"wp-block-buttons is-content-justification-center is-layout-flex wp-container-core-buttons-is-layout-a89b3969 wp-block-buttons-is-layout-flex\">\n<div class=\"wp-block-button has-custom-font-size has-medium-font-size\"><a class=\"wp-block-button__link has-ast-global-color-4-color has-text-color has-background has-link-color has-border-color has-ast-global-color-4-border-color has-text-align-center wp-element-button\" href=\"https:\/\/donvitobananas.com\/?page_id=52\" style=\"background-color:#aeb7bf00\">\n    Con\u00f3cenos m\u00e1s <i class=\"fa-solid fa-circle-chevron-right\"><\/i>\n  <\/a><\/div>\n<\/div>\n<\/div>\n<\/div><\/div>\n\n\n\n<div style=\"height:57px\" aria-hidden=\"true\" class=\"wp-block-spacer\"><\/div>\n\n\n\n<div class=\"wp-block-columns is-layout-flex wp-container-core-columns-is-layout-285cd063 wp-block-columns-is-layout-flex\" style=\"margin-top:0;margin-bottom:0;padding-top:var(--wp--preset--spacing--20);padding-right:var(--wp--preset--spacing--20);padding-bottom:var(--wp--preset--spacing--20);padding-left:var(--wp--preset--spacing--20)\">\n<div class=\"wp-block-column is-vertically-aligned-center is-layout-flow wp-block-column-is-layout-flow\">\n<h2 class=\"wp-block-heading\" style=\"font-style:normal;font-weight:400\">Las condiciones ideales para la producci\u00f3n del mejor banano del mundo<\/h2>\n<\/div>\n\n\n\n<div class=\"wp-block-column is-layout-flow wp-block-column-is-layout-flow\">\n<div class=\"wp-block-group is-horizontal is-content-justification-left is-nowrap is-layout-flex wp-container-core-group-is-layout-e5fbeb3a wp-block-group-is-layout-flex\">\n<div class=\"wp-block-group alignfull has-ast-global-color-4-background-color has-background is-layout-constrained wp-container-core-group-is-layout-9cedb757 wp-block-group-is-layout-constrained\" style=\"padding-bottom:0px\">\n<div class=\"wp-block-columns has-ast-global-color-4-background-color has-background is-layout-flex wp-container-core-columns-is-layout-00723822 wp-block-columns-is-layout-flex\">\n<div class=\"wp-block-column is-vertically-aligned-center is-layout-flow wp-container-core-column-is-layout-6b73ce23 wp-block-column-is-layout-flow\"><p><i class=\"fa-solid fa-seedling fa-2x\"><\/i><\/p>\n\n\n\n<h3 class=\"wp-block-heading\" style=\"margin-top:16px\">Amamos la tierra<\/h3>\n\n\n\n<p>Cuidamos el medio ambiente de nuestras tierras agr\u00edcolas<\/p>\n<\/div>\n\n\n\n<div class=\"wp-block-column is-vertically-aligned-top is-layout-flow wp-container-core-column-is-layout-6b73ce23 wp-block-column-is-layout-flow\"><p><i class=\"fa-solid fa-check-circle fa-2x\"><\/i><\/p>\n\n\n\n<h3 class=\"wp-block-heading\" style=\"margin-top:16px\">Premium  Bananas<\/h3>\n\n\n\n<p>Tenemos el banano con la mayor calidad y sabor<\/p>\n<\/div>\n\n\n\n<div class=\"wp-block-column is-vertically-aligned-top is-layout-flow wp-container-core-column-is-layout-6b73ce23 wp-block-column-is-layout-flow\"><p><i class=\"fa-solid fa-repeat fa-2x\"><\/i><\/p>\n\n\n\n<h3 class=\"wp-block-heading\" style=\"margin-top:16px\">Ciclo de vida<\/h3>\n\n\n\n<p>Evitamos usar productos qu\u00edmicos al usar m\u00e9todos naturales<\/p>\n<\/div>\n<\/div>\n\n\n\n<div class=\"wp-block-columns are-vertically-aligned-top has-ast-global-color-4-background-color has-background is-layout-flex wp-container-core-columns-is-layout-00723822 wp-block-columns-is-layout-flex\">\n<div class=\"wp-block-column is-vertically-aligned-top is-layout-flow wp-container-core-column-is-layout-6b73ce23 wp-block-column-is-layout-flow\"><p><i class=\"fa-solid fa-star fa-2x\"><\/i><\/p>\n\n\n\n<h3 class=\"wp-block-heading\" style=\"margin-top:16px\">Garant\u00eda Internacional<\/h3>\n\n\n\n<p>Tenemos Certificaciones Global Gap y Rainforest Alliance<\/p>\n<\/div>\n\n\n\n<div class=\"wp-block-column is-vertically-aligned-top is-layout-flow wp-container-core-column-is-layout-6b73ce23 wp-block-column-is-layout-flow\"><p><i class=\"fa-solid fa-people-group fa-2x\"><\/i><\/p>\n\n\n\n<h3 class=\"wp-block-heading\" style=\"margin-top:16px\">Todos Importantes<\/h3>\n\n\n\n<p>Una gran comunidad trabajando juntos y alegres<\/p>\n<\/div>\n\n\n\n<div class=\"wp-block-column is-vertically-aligned-top is-layout-flow wp-container-core-column-is-layout-6b73ce23 wp-block-column-is-layout-flow\"><p><i class=\"fa-solid fa-earth fa-2x\"><\/i><\/p>\n\n\n\n<h3 class=\"wp-block-heading\" style=\"margin-top:16px\">Mercado Global<\/h3>\n\n\n\n<p>Exportamos a 3 continentes cada semana<\/p>\n<\/div>\n<\/div>\n<\/div>\n<\/div>\n<\/div>\n<\/div>\n\n\n\n<div class=\"wp-block-group alignfull has-ast-global-color-5-background-color has-background is-layout-constrained wp-container-core-group-is-layout-d46749c8 wp-block-group-is-layout-constrained\" style=\"padding-top:143px;padding-right:0;padding-bottom:144px;padding-left:0\">\n<div class=\"wp-block-media-text has-media-on-the-right is-stacked-on-mobile is-vertically-aligned-center\" style=\"padding-right:var(--wp--preset--spacing--20);padding-left:var(--wp--preset--spacing--20);grid-template-columns:auto 53%\"><div class=\"wp-block-media-text__content\">\n<div class=\"inherit-container-width wp-block-group is-layout-constrained wp-container-core-group-is-layout-b9f8e2d3 wp-block-group-is-layout-constrained\" style=\"min-height:0px;margin-top:0;margin-bottom:0;padding-right:0px\">\n<h2 class=\"wp-block-heading\" style=\"padding-right:40px\">7 D\u00e9cadas en el mercado agroindustrial<\/h2>\n\n\n\n<p>Machala &#8211; Ecuador, capital bananera del Mundo. Su ubicaci\u00f3n, contraste de terreno y de clima, generan las condiciones ideales para la producci\u00f3n del mejor banano del mundo.<\/p>\n\n\n\n<h5 class=\"wp-block-heading\">Desde 1950<\/h5>\n\n\n\n<h5 class=\"wp-block-heading\">Visi\u00f3n de crecimiento<\/h5>\n\n\n\n<div class=\"wp-block-buttons is-content-justification-right is-layout-flex wp-container-core-buttons-is-layout-d445cf74 wp-block-buttons-is-layout-flex\">\n<div class=\"wp-block-button has-custom-font-size has-medium-font-size\"><a class=\"wp-block-button__link has-text-color has-background has-link-color has-border-color wp-element-button\" href=\"https:\/\/donvitobananas.com\/?page_id=52\" style=\"border-color:#034c8c;color:#034c8c;background-color:#aeb7bf00\">Con\u00f3cenos m\u00e1s <i class=\"fa-solid fa-circle-chevron-right\"><\/i><\/a><\/div>\n<\/div>\n<\/div>\n<\/div><figure class=\"wp-block-media-text__media\"><img loading=\"lazy\" decoding=\"async\" width=\"1024\" height=\"651\" src=\"https:\/\/www.donvitobananas.com\/wp-content\/uploads\/2023\/11\/Miscelaneo-1024x651.jpg\" alt=\"\" class=\"wp-image-22 size-full\" srcset=\"https:\/\/donvitobananas.com\/wp-content\/uploads\/2023\/11\/Miscelaneo-1024x651.jpg 1024w, https:\/\/donvitobananas.com\/wp-content\/uploads\/2023\/11\/Miscelaneo-300x191.jpg 300w, https:\/\/donvitobananas.com\/wp-content\/uploads\/2023\/11\/Miscelaneo-768x488.jpg 768w, https:\/\/donvitobananas.com\/wp-content\/uploads\/2023\/11\/Miscelaneo.jpg 1511w\" sizes=\"auto, (max-width: 1024px) 100vw, 1024px\" \/><\/figure><\/div>\n<\/div>\n\n\n\n<div class=\"wp-block-group alignfull is-layout-constrained wp-container-core-group-is-layout-6903d512 wp-block-group-is-layout-constrained\" style=\"padding-top:35px;padding-bottom:35px\">\n<h2 class=\"wp-block-heading has-text-align-center\">Nuestros n\u00fameros<\/h2>\n\n\n\n<div class=\"wp-block-columns is-layout-flex wp-container-core-columns-is-layout-29aadeec wp-block-columns-is-layout-flex\" style=\"margin-top:60px\">\n<div class=\"wp-block-column is-layout-flow wp-container-core-column-is-layout-6b73ce23 wp-block-column-is-layout-flow\">\n<div class=\"wp-block-uagb-counter uagb-block-2e0235d8 wp-block-uagb-counter--number\"><div class=\"wp-block-uagb-counter__number\"><span class=\"uagb-counter-block-number\" data-duration=\"1.5\" data-to-value=\"390\" data-from-value=\"0\" data-delimiter=\",\"><\/span><span class=\"uagb-counter-block-suffix\">+<\/span><\/div><div class=\"wp-block-uagb-counter__title\"><\/div><\/div>\n\n\n\n<p class=\"has-medium-font-size\">Familias se benefician de la generaci\u00f3n de empleo directo<\/p>\n<\/div>\n\n\n\n<div class=\"wp-block-column is-layout-flow wp-container-core-column-is-layout-6b73ce23 wp-block-column-is-layout-flow\">\n<div class=\"wp-block-uagb-counter uagb-block-3868e923 wp-block-uagb-counter--number\"><div class=\"wp-block-uagb-counter__number\"><span class=\"uagb-counter-block-number\" data-duration=\"1.5\" data-to-value=\"7\" data-from-value=\"0\" data-delimiter=\",\"><\/span><\/div><div class=\"wp-block-uagb-counter__title\"><\/div><\/div>\n\n\n\n<p class=\"has-medium-font-size\">Pa\u00edses en 3 continentes se exporta<\/p>\n<\/div>\n\n\n\n<div class=\"wp-block-column is-layout-flow wp-container-core-column-is-layout-6b73ce23 wp-block-column-is-layout-flow\">\n<div class=\"wp-block-uagb-counter uagb-block-4e0f72b8 wp-block-uagb-counter--number\"><div class=\"wp-block-uagb-counter__number\"><span class=\"uagb-counter-block-number\" data-duration=\"1.5\" data-to-value=\"70\" data-from-value=\"0\" data-delimiter=\",\"><\/span><span class=\"uagb-counter-block-suffix\">+<\/span><\/div><div class=\"wp-block-uagb-counter__title\"><\/div><\/div>\n\n\n\n<p class=\"has-medium-font-size\">A\u00f1os de experiencia produciendo el mejor banano del mundo<\/p>\n<\/div>\n<\/div>\n<\/div>\n\n\n\n<div class=\"wp-block-group alignfull is-layout-constrained wp-container-core-group-is-layout-b75f435a wp-block-group-is-layout-constrained\" style=\"padding-top:21px;padding-bottom:50px\">\n<h2 class=\"wp-block-heading\">7 D\u00e9cadas en el mercado agroindustrial<\/h2>\n\n\n\n<div class=\"wp-block-columns is-layout-flex wp-container-core-columns-is-layout-28f84493 wp-block-columns-is-layout-flex\">\n<div class=\"wp-block-column is-layout-flow wp-block-column-is-layout-flow\" style=\"flex-basis:100%\">\n<div class=\"wp-block-columns is-layout-flex wp-container-core-columns-is-layout-28f84493 wp-block-columns-is-layout-flex\">\n<div class=\"wp-block-column is-layout-flow wp-block-column-is-layout-flow\" style=\"flex-basis:100%\">\n\t\t\t<div class=\"wp-block-uagb-post-grid uagb-post-grid  uagb-post__image-position-top uagb-post__image-enabled uagb-block-cc78583d     uagb-post__items uagb-post__columns-3 is-grid uagb-post__columns-tablet-2 uagb-post__columns-mobile-1 uagb-post__equal-height uagb-equal_height_inline-read-more-buttons\" data-total=\"2\" style=\"\">\n\n\t\t\t\t\t\t\t\t\t\t\t\t<article class=\"uagb-post__inner-wrap\">\t\t\t\t\t\t\t\t<div class='uagb-post__image'>\n\t\t\t\t\t\t\t\t\t<a href=\"https:\/\/donvitobananas.com\/?p=693\" target=\"_self\" rel=\"bookmark noopener noreferrer\" class='uagb-image-ratio-inherit'><img loading=\"lazy\" decoding=\"async\" width=\"1024\" height=\"682\" src=\"https:\/\/donvitobananas.com\/wp-content\/uploads\/consumo-agua-banano-1024x682.jpg\" class=\"attachment-large size-large\" alt=\"\" srcset=\"https:\/\/donvitobananas.com\/wp-content\/uploads\/consumo-agua-banano-1024x682.jpg 1024w, https:\/\/donvitobananas.com\/wp-content\/uploads\/consumo-agua-banano-300x200.jpg 300w, https:\/\/donvitobananas.com\/wp-content\/uploads\/consumo-agua-banano-768x512.jpg 768w, https:\/\/donvitobananas.com\/wp-content\/uploads\/consumo-agua-banano-1536x1024.jpg 1536w, https:\/\/donvitobananas.com\/wp-content\/uploads\/consumo-agua-banano.jpg 1556w\" sizes=\"auto, (max-width: 1024px) 100vw, 1024px\" \/>\t\t\t\t\t<\/a>\n\t\t\t\t\t\t\t<\/div>\n\t\t\t\t\t\t<h4 class=\"uagb-post__title uagb-post__text\">\n\t\t\t\t<a href=\"https:\/\/donvitobananas.com\/?p=693\" target=\"_self\" rel=\"bookmark noopener noreferrer\">Nueva tecnolog\u00eda en banano premium<\/a>\n\t\t\t<\/h4>\n\t\t\t\t\t\t<div class='uagb-post__text uagb-post-grid-byline'>\n\t\t\t\t\t\t\t\t<time datetime=\"2023-12-22T15:49:26-05:00\" class=\"uagb-post__date\">\n\t\t\t\t<span class=\"dashicons-calendar dashicons\"><\/span>\t\t\t\t\t22 de diciembre de 2023\t\t\t\t<\/time>\n\t\t\t\t\t\t\t<span class=\"uagb-post__comment\">\n\t\t\t\t<span class=\"dashicons-admin-comments dashicons\"><\/span>\t\t\t\t\tNo hay comentarios\t\t\t\t<\/span>\n\t\t\t\t\t\t<\/div>\n\t\t\t\t\t\t\t<div class='uagb-post__text uagb-post__excerpt'>\n\t\t\t\t\t<p>Ecuador es el l\u00edder mundial en exportaci\u00f3n de banano, con una producci\u00f3n anual de m\u00e1s&#8230;\t\t\t\t<\/div>\n\t\t\t\t\t\t<div class=\"uagb-post__text uagb-post__cta wp-block-button\">\n\t\t\t\t<a class=\"wp-block-button__link uagb-text-link\" href=\"https:\/\/donvitobananas.com\/?p=693\" target=\"_self\" rel=\"bookmark noopener noreferrer\">Leer m\u00e1s<\/a>\n\t\t\t<\/div>\n\t\t\t\t\t\t\t\t\t\t\t\t<\/article>\n\t\t\t\t\t\t\t\t\t\t\t\t\t\t\t\t<article class=\"uagb-post__inner-wrap\">\t\t\t\t\t\t\t\t<div class='uagb-post__image'>\n\t\t\t\t\t\t\t\t\t<a href=\"https:\/\/donvitobananas.com\/?p=494\" target=\"_self\" rel=\"bookmark noopener noreferrer\" class='uagb-image-ratio-inherit'><img loading=\"lazy\" decoding=\"async\" width=\"1024\" height=\"573\" src=\"https:\/\/donvitobananas.com\/wp-content\/uploads\/2023\/11\/imagen_2023-11-14_214535453-e1700016754237-1024x573.png\" class=\"attachment-large size-large\" alt=\"\" srcset=\"https:\/\/donvitobananas.com\/wp-content\/uploads\/2023\/11\/imagen_2023-11-14_214535453-e1700016754237-1024x573.png 1024w, https:\/\/donvitobananas.com\/wp-content\/uploads\/2023\/11\/imagen_2023-11-14_214535453-e1700016754237-300x168.png 300w, https:\/\/donvitobananas.com\/wp-content\/uploads\/2023\/11\/imagen_2023-11-14_214535453-e1700016754237-768x430.png 768w, https:\/\/donvitobananas.com\/wp-content\/uploads\/2023\/11\/imagen_2023-11-14_214535453-e1700016754237.png 1197w\" sizes=\"auto, (max-width: 1024px) 100vw, 1024px\" \/>\t\t\t\t\t<\/a>\n\t\t\t\t\t\t\t<\/div>\n\t\t\t\t\t\t<h4 class=\"uagb-post__title uagb-post__text\">\n\t\t\t\t<a href=\"https:\/\/donvitobananas.com\/?p=494\" target=\"_self\" rel=\"bookmark noopener noreferrer\">Banano de Machala: Un Tesoro Nutritivo para tu Salud<\/a>\n\t\t\t<\/h4>\n\t\t\t\t\t\t<div class='uagb-post__text uagb-post-grid-byline'>\n\t\t\t\t\t\t\t\t<time datetime=\"2023-11-14T20:51:56-05:00\" class=\"uagb-post__date\">\n\t\t\t\t<span class=\"dashicons-calendar dashicons\"><\/span>\t\t\t\t\t14 de noviembre de 2023\t\t\t\t<\/time>\n\t\t\t\t\t\t\t<span class=\"uagb-post__comment\">\n\t\t\t\t<span class=\"dashicons-admin-comments dashicons\"><\/span>\t\t\t\t\tNo hay comentarios\t\t\t\t<\/span>\n\t\t\t\t\t\t<\/div>\n\t\t\t\t\t\t\t<div class='uagb-post__text uagb-post__excerpt'>\n\t\t\t\t\t<p>En Don Vito Banana, no solo cultivamos bananos excepcionales, sino que tambi\u00e9n nos apasiona compartir&#8230;\t\t\t\t<\/div>\n\t\t\t\t\t\t<div class=\"uagb-post__text uagb-post__cta wp-block-button\">\n\t\t\t\t<a class=\"wp-block-button__link uagb-text-link\" href=\"https:\/\/donvitobananas.com\/?p=494\" target=\"_self\" rel=\"bookmark noopener noreferrer\">Leer m\u00e1s<\/a>\n\t\t\t<\/div>\n\t\t\t\t\t\t\t\t\t\t\t\t<\/article>\n\t\t\t\t\t\t\t\t\t\t\t\t\t\t\t\t<article class=\"uagb-post__inner-wrap\">\t\t\t\t\t\t\t\t<div class='uagb-post__image'>\n\t\t\t\t\t\t\t\t\t<a href=\"https:\/\/donvitobananas.com\/?p=229\" target=\"_self\" rel=\"bookmark noopener noreferrer\" class='uagb-image-ratio-inherit'><img loading=\"lazy\" decoding=\"async\" width=\"488\" height=\"291\" src=\"https:\/\/donvitobananas.com\/wp-content\/uploads\/2023\/11\/BananaBreadII_527x323-e1700016514724.jpg\" class=\"attachment-large size-large\" alt=\"\" srcset=\"https:\/\/donvitobananas.com\/wp-content\/uploads\/2023\/11\/BananaBreadII_527x323-e1700016514724.jpg 488w, https:\/\/donvitobananas.com\/wp-content\/uploads\/2023\/11\/BananaBreadII_527x323-e1700016514724-300x179.jpg 300w\" sizes=\"auto, (max-width: 488px) 100vw, 488px\" \/>\t\t\t\t\t<\/a>\n\t\t\t\t\t\t\t<\/div>\n\t\t\t\t\t\t<h4 class=\"uagb-post__title uagb-post__text\">\n\t\t\t\t<a href=\"https:\/\/donvitobananas.com\/?p=229\" target=\"_self\" rel=\"bookmark noopener noreferrer\">Olv\u00eddate de la masa madre y hornea pan de banano<\/a>\n\t\t\t<\/h4>\n\t\t\t\t\t\t<div class='uagb-post__text uagb-post-grid-byline'>\n\t\t\t\t\t\t\t\t<time datetime=\"2023-11-13T15:14:38-05:00\" class=\"uagb-post__date\">\n\t\t\t\t<span class=\"dashicons-calendar dashicons\"><\/span>\t\t\t\t\t13 de noviembre de 2023\t\t\t\t<\/time>\n\t\t\t\t\t\t\t<span class=\"uagb-post__comment\">\n\t\t\t\t<span class=\"dashicons-admin-comments dashicons\"><\/span>\t\t\t\t\t2 comentarios\t\t\t\t<\/span>\n\t\t\t\t\t\t<\/div>\n\t\t\t\t\t\t\t<div class='uagb-post__text uagb-post__excerpt'>\n\t\t\t\t\t<p>Aqu\u00ed tienes una receta simple para hornear un delicioso pan de pl\u00e1tano sin necesidad de&#8230;\t\t\t\t<\/div>\n\t\t\t\t\t\t<div class=\"uagb-post__text uagb-post__cta wp-block-button\">\n\t\t\t\t<a class=\"wp-block-button__link uagb-text-link\" href=\"https:\/\/donvitobananas.com\/?p=229\" target=\"_self\" rel=\"bookmark noopener noreferrer\">Leer m\u00e1s<\/a>\n\t\t\t<\/div>\n\t\t\t\t\t\t\t\t\t\t\t\t<\/article>\n\t\t\t\t\t\t\t\t\t\t\t<\/div>\n\t\t\t<\/div>\n<\/div>\n<\/div>\n<\/div>\n<\/div>\n\n\n\n<div style=\"height:43px\" aria-hidden=\"true\" class=\"wp-block-spacer\"><\/div>\n\n\n\n<div class=\"wp-block-cover alignfull\" style=\"padding-top:var(--wp--preset--spacing--40);padding-right:var(--wp--preset--spacing--40);padding-bottom:var(--wp--preset--spacing--40);padding-left:var(--wp--preset--spacing--40)\"><span aria-hidden=\"true\" class=\"wp-block-cover__background has-background-dim-100 has-background-dim has-background-gradient has-luminous-vivid-amber-to-luminous-vivid-orange-gradient-background\"><\/span><div class=\"wp-block-cover__inner-container is-layout-flow wp-container-core-cover-is-layout-d0228d13 wp-block-cover-is-layout-flow\">\n<div class=\"wp-block-group alignfull is-layout-constrained wp-container-core-group-is-layout-bd95701c wp-block-group-is-layout-constrained\" style=\"min-height:0px;margin-top:0;margin-bottom:0;padding-top:25px;padding-right:0;padding-bottom:25px;padding-left:0\">\n<h2 class=\"wp-block-heading has-text-align-center has-text-color\" style=\"color:#ffffff\">De nuestros campos a su mesa<\/h2>\n\n\n\n<div class=\"wp-block-buttons alignwide is-horizontal is-content-justification-center is-layout-flex wp-container-core-buttons-is-layout-bba8380a wp-block-buttons-is-layout-flex\" style=\"margin-top:50px\">\n<div class=\"wp-block-button is-style-fill\"><a class=\"wp-block-button__link has-ast-global-color-4-color has-text-color has-background has-link-color has-border-color has-ast-global-color-4-border-color wp-element-button\" href=\"https:\/\/donvitobananas.com\/?page_id=53\" style=\"background-color:#ab636300\">Descubre nuestra banana <i class=\"fa-solid fa-circle-chevron-right\"><\/i><\/a><\/div>\n<\/div>\n<\/div>\n<\/div><\/div>\n","protected":false},"excerpt":{"rendered":"<p>Las condiciones ideales para la producci\u00f3n del mejor banano del mundo Amamos la tierra Cuidamos el medio ambiente de nuestras tierras agr\u00edcolas Premium Bananas Tenemos el banano con la mayor calidad y sabor Ciclo de vida Evitamos usar productos qu\u00edmicos al usar m\u00e9todos naturales Garant\u00eda Internacional Tenemos Certificaciones Global Gap y Rainforest Alliance Todos Importantes [&hellip;]<\/p>\n","protected":false},"author":2,"featured_media":0,"parent":0,"menu_order":0,"comment_status":"closed","ping_status":"closed","template":"","meta":{"_uag_custom_page_level_css":"","site-sidebar-layout":"no-sidebar","site-content-layout":"plain-container","ast-site-content-layout":"normal-width-container","site-content-style":"default","site-sidebar-style":"default","ast-global-header-display":"","ast-banner-title-visibility":"","ast-main-header-display":"","ast-hfb-above-header-display":"","ast-hfb-below-header-display":"","ast-hfb-mobile-header-display":"","site-post-title":"disabled","ast-breadcrumbs-content":"","ast-featured-img":"","footer-sml-layout":"","theme-transparent-header-meta":"enabled","adv-header-id-meta":"","stick-header-meta":"","header-above-stick-meta":"","header-main-stick-meta":"","header-below-stick-meta":"","astra-migrate-meta-layouts":"","ast-page-background-enabled":"default","ast-page-background-meta":{"desktop":{"background-color":"var(--ast-global-color-4)","background-image":"","background-repeat":"repeat","background-position":"center center","background-size":"auto","background-attachment":"scroll","background-type":"","background-media":"","overlay-type":"","overlay-color":"","overlay-gradient":""},"tablet":{"background-color":"","background-image":"","background-repeat":"repeat","background-position":"center center","background-size":"auto","background-attachment":"scroll","background-type":"","background-media":"","overlay-type":"","overlay-color":"","overlay-gradient":""},"mobile":{"background-color":"","background-image":"","background-repeat":"repeat","background-position":"center center","background-size":"auto","background-attachment":"scroll","background-type":"","background-media":"","overlay-type":"","overlay-color":"","overlay-gradient":""}},"ast-content-background-meta":{"desktop":{"background-color":"var(--ast-global-color-5)","background-image":"","background-repeat":"repeat","background-position":"center center","background-size":"auto","background-attachment":"scroll","background-type":"","background-media":"","overlay-type":"","overlay-color":"","overlay-gradient":""},"tablet":{"background-color":"var(--ast-global-color-5)","background-image":"","background-repeat":"repeat","background-position":"center center","background-size":"auto","background-attachment":"scroll","background-type":"","background-media":"","overlay-type":"","overlay-color":"","overlay-gradient":""},"mobile":{"background-color":"var(--ast-global-color-5)","background-image":"","background-repeat":"repeat","background-position":"center center","background-size":"auto","background-attachment":"scroll","background-type":"","background-media":"","overlay-type":"","overlay-color":"","overlay-gradient":""}},"footnotes":""},"class_list":["post-156","page","type-page","status-publish","hentry"],"uagb_featured_image_src":{"full":false,"thumbnail":false,"medium":false,"medium_large":false,"large":false,"1536x1536":false,"2048x2048":false},"uagb_author_info":{"display_name":"prodbadmindonvitobanana","author_link":"https:\/\/donvitobananas.com\/?author=2"},"uagb_comment_info":0,"uagb_excerpt":"Las condiciones ideales para la producci\u00f3n del mejor banano del mundo Amamos la tierra Cuidamos el medio ambiente de nuestras tierras agr\u00edcolas Premium Bananas Tenemos el banano con la mayor calidad y sabor Ciclo de vida Evitamos usar productos qu\u00edmicos al usar m\u00e9todos naturales Garant\u00eda Internacional Tenemos Certificaciones Global Gap y Rainforest Alliance Todos Importantes&hellip;","_links":{"self":[{"href":"https:\/\/donvitobananas.com\/index.php?rest_route=\/wp\/v2\/pages\/156","targetHints":{"allow":["GET"]}}],"collection":[{"href":"https:\/\/donvitobananas.com\/index.php?rest_route=\/wp\/v2\/pages"}],"about":[{"href":"https:\/\/donvitobananas.com\/index.php?rest_route=\/wp\/v2\/types\/page"}],"author":[{"embeddable":true,"href":"https:\/\/donvitobananas.com\/index.php?rest_route=\/wp\/v2\/users\/2"}],"replies":[{"embeddable":true,"href":"https:\/\/donvitobananas.com\/index.php?rest_route=%2Fwp%2Fv2%2Fcomments&post=156"}],"version-history":[{"count":21,"href":"https:\/\/donvitobananas.com\/index.php?rest_route=\/wp\/v2\/pages\/156\/revisions"}],"predecessor-version":[{"id":763,"href":"https:\/\/donvitobananas.com\/index.php?rest_route=\/wp\/v2\/pages\/156\/revisions\/763"}],"wp:attachment":[{"href":"https:\/\/donvitobananas.com\/index.php?rest_route=%2Fwp%2Fv2%2Fmedia&parent=156"}],"curies":[{"name":"wp","href":"https:\/\/api.w.org\/{rel}","templated":true}]}}